{"id":12544,"date":"2026-01-17T14:21:11","date_gmt":"2026-01-17T20:21:11","guid":{"rendered":"https:\/\/mundaca.com.mx\/?page_id=12544"},"modified":"2026-01-30T16:45:26","modified_gmt":"2026-01-30T22:45:26","slug":"politica-de-privacidad","status":"publish","type":"page","link":"https:\/\/mundaca.com.mx\/es\/privacy-policy\/","title":{"rendered":"Pol\u00edtica de privacidad"},"content":{"rendered":"<p><div class=\"fusion-fullwidth fullwidth-box fusion-builder-row-1 fusion-flex-container has-pattern-background has-mask-background nonhundred-percent-fullwidth non-hundred-percent-height-scrolling\" style=\"--link_hover_color: var(--awb-color8);--link_color: var(--awb-color1);--awb-border-radius-top-left:0px;--awb-border-radius-top-right:0px;--awb-border-radius-bottom-right:0px;--awb-border-radius-bottom-left:0px;--awb-padding-top:15px;--awb-padding-bottom:15px;--awb-background-color:var(--awb-custom10);--awb-flex-wrap:wrap;\" ><div class=\"fusion-builder-row fusion-row fusion-flex-align-items-flex-start fusion-flex-content-wrap\" style=\"max-width:1236px;margin-left: calc(-3% \/ 2 );margin-right: calc(-3% \/ 2 );\"><div class=\"fusion-layout-column fusion_builder_column fusion-builder-column-0 fusion_builder_column_1_4 1_4 fusion-flex-column fusion-animated\" style=\"--awb-bg-size:cover;--awb-width-large:25%;--awb-margin-top-large:0px;--awb-spacing-right-large:5.82%;--awb-margin-bottom-large:0px;--awb-spacing-left-large:5.82%;--awb-width-medium:25%;--awb-order-medium:0;--awb-spacing-right-medium:5.82%;--awb-spacing-left-medium:5.82%;--awb-width-small:100%;--awb-order-small:0;--awb-spacing-right-small:1.455%;--awb-spacing-left-small:1.455%;\" data-animationtype=\"fadeInUp\" data-animationduration=\"0.3\" data-animationoffset=\"top-into-view\"><div class=\"fusion-column-wrapper fusion-column-has-shadow fusion-flex-justify-content-flex-start fusion-content-layout-column\"><div class=\"fusion-title title fusion-title-1 fusion-sep-none fusion-title-text fusion-title-size-three\" style=\"--awb-text-color:var(--awb-color1);--awb-margin-bottom:0px;--awb-margin-top-small:0px;--awb-margin-right-small:0px;--awb-margin-bottom-small:3px;--awb-margin-left-small:0px;--awb-margin-bottom-medium:0px;--awb-font-size:14px;\"><h3 class=\"fusion-title-heading title-heading-left sm-text-align-center fusion-responsive-typography-calculated\" style=\"margin:0;text-transform:none;font-size:1em;--fontSize:14;--minFontSize:14;line-height:1;\"><a style=\"color: #ffffff;\" href=\"tel:8662300974\"><i class=\"fas fa-mobile-alt\"><\/i> <strong>+1 866 230 0974<\/strong><\/a> llamada Gratuita<\/h3><\/div><\/div><\/div><div class=\"fusion-layout-column fusion_builder_column fusion-builder-column-1 fusion_builder_column_1_4 1_4 fusion-flex-column fusion-animated\" style=\"--awb-bg-size:cover;--awb-width-large:25%;--awb-margin-top-large:0px;--awb-spacing-right-large:5.82%;--awb-margin-bottom-large:0px;--awb-spacing-left-large:5.82%;--awb-width-medium:25%;--awb-order-medium:0;--awb-spacing-right-medium:5.82%;--awb-spacing-left-medium:5.82%;--awb-width-small:100%;--awb-order-small:0;--awb-spacing-right-small:1.455%;--awb-spacing-left-small:1.455%;\" data-animationtype=\"fadeInUp\" data-animationduration=\"0.3\" data-animationoffset=\"top-into-view\"><div class=\"fusion-column-wrapper fusion-column-has-shadow fusion-flex-justify-content-flex-start fusion-content-layout-column\"><div class=\"fusion-title title fusion-title-2 fusion-sep-none fusion-title-center fusion-title-text fusion-title-size-three\" style=\"--awb-text-color:var(--awb-color1);--awb-margin-bottom:0px;--awb-margin-top-small:0px;--awb-margin-right-small:0px;--awb-margin-bottom-small:3px;--awb-margin-left-small:0px;--awb-margin-bottom-medium:0px;--awb-font-size:14px;\"><h3 class=\"fusion-title-heading title-heading-center fusion-responsive-typography-calculated\" style=\"margin:0;text-transform:none;font-size:1em;--fontSize:14;--minFontSize:14;line-height:1;\"><a style=\"color: #ffffff;\" href=\"tel:+529988770025\"><i class=\"fas fa-mobile-alt\"><\/i> <strong>+52 998 877 0025<\/strong><\/a> En M\u00e9xico<\/h3><\/div><\/div><\/div><div class=\"fusion-layout-column fusion_builder_column fusion-builder-column-2 fusion_builder_column_1_4 1_4 fusion-flex-column fusion-animated\" style=\"--awb-bg-size:cover;--awb-width-large:25%;--awb-margin-top-large:0px;--awb-spacing-right-large:5.82%;--awb-margin-bottom-large:0px;--awb-spacing-left-large:5.82%;--awb-width-medium:25%;--awb-order-medium:0;--awb-spacing-right-medium:5.82%;--awb-spacing-left-medium:5.82%;--awb-width-small:100%;--awb-order-small:0;--awb-spacing-right-small:1.455%;--awb-spacing-left-small:1.455%;\" data-animationtype=\"fadeInUp\" data-animationduration=\"0.3\" data-animationoffset=\"top-into-view\"><div class=\"fusion-column-wrapper fusion-column-has-shadow fusion-flex-justify-content-flex-start fusion-content-layout-column\"><div class=\"fusion-title title fusion-title-3 fusion-sep-none fusion-title-text fusion-title-size-three\" style=\"--awb-text-color:var(--awb-color1);--awb-margin-bottom:0px;--awb-margin-top-small:0px;--awb-margin-right-small:0px;--awb-margin-bottom-small:3px;--awb-margin-left-small:0px;--awb-margin-bottom-medium:0px;--awb-font-size:14px;\"><h3 class=\"fusion-title-heading title-heading-right sm-text-align-center fusion-responsive-typography-calculated\" style=\"margin:0;text-transform:none;font-size:1em;--fontSize:14;--minFontSize:14;line-height:1;\"><a style=\"color: #ffffff;\" href=\"mailto:sales@mundaca.com.mx\"><i class=\"fas fa-envelope\"><\/i> <strong>sales@mundaca.com.mx<\/strong><\/a><\/h3><\/div><\/div><\/div><div class=\"fusion-layout-column fusion_builder_column fusion-builder-column-3 fusion_builder_column_1_4 1_4 fusion-flex-column fusion-animated\" style=\"--awb-bg-size:cover;--awb-width-large:25%;--awb-margin-top-large:0px;--awb-spacing-right-large:5.82%;--awb-margin-bottom-large:0px;--awb-spacing-left-large:5.82%;--awb-width-medium:25%;--awb-order-medium:0;--awb-spacing-right-medium:5.82%;--awb-spacing-left-medium:5.82%;--awb-width-small:100%;--awb-order-small:0;--awb-spacing-right-small:1.455%;--awb-spacing-left-small:1.455%;\" data-animationtype=\"fadeInUp\" data-animationduration=\"0.3\" data-animationoffset=\"top-into-view\"><div class=\"fusion-column-wrapper fusion-column-has-shadow fusion-flex-justify-content-flex-start fusion-content-layout-column\"><div class=\"fusion-title title fusion-title-4 fusion-sep-none fusion-title-text fusion-title-size-three\" style=\"--awb-text-color:var(--awb-color1);--awb-margin-bottom:0px;--awb-margin-top-small:0px;--awb-margin-right-small:0px;--awb-margin-bottom-small:3px;--awb-margin-left-small:0px;--awb-margin-bottom-medium:0px;--awb-font-size:14px;\"><h3 class=\"fusion-title-heading title-heading-right sm-text-align-center fusion-responsive-typography-calculated\" style=\"margin:0;text-transform:none;font-size:1em;--fontSize:14;--minFontSize:14;line-height:1;\"><a style=\"color: #ffffff;\" href=\"mailto:rentals@mundaca.com.mx\"><i class=\"fas fa-envelope\"><\/i> <strong>rentals@mundaca.com.mx<\/strong><\/a><\/h3><\/div><\/div><\/div><\/div><\/div>\n<div class=\"fusion-fullwidth fullwidth-box fusion-builder-row-2 fusion-flex-container has-pattern-background has-mask-background nonhundred-percent-fullwidth non-hundred-percent-height-scrolling\" style=\"--awb-border-radius-top-left:0px;--awb-border-radius-top-right:0px;--awb-border-radius-bottom-right:0px;--awb-border-radius-bottom-left:0px;--awb-padding-top:75px;--awb-padding-bottom:75px;--awb-background-color:var(--awb-color1);--awb-background-image:linear-gradient(180deg, var(--awb-color1) 0%,var(--awb-color1) 100%);--awb-flex-wrap:wrap;\" ><div class=\"fusion-builder-row fusion-row fusion-flex-align-items-flex-start fusion-flex-content-wrap\" style=\"max-width:1236px;margin-left: calc(-3% \/ 2 );margin-right: calc(-3% \/ 2 );\"><div class=\"fusion-layout-column fusion_builder_column fusion-builder-column-4 fusion_builder_column_1_1 1_1 fusion-flex-column fusion-animated\" style=\"--awb-bg-size:cover;--awb-width-large:100%;--awb-margin-top-large:0px;--awb-spacing-right-large:1.455%;--awb-margin-bottom-large:0px;--awb-spacing-left-large:1.455%;--awb-width-medium:100%;--awb-order-medium:0;--awb-spacing-right-medium:1.455%;--awb-spacing-left-medium:1.455%;--awb-width-small:100%;--awb-order-small:0;--awb-spacing-right-small:1.455%;--awb-spacing-left-small:1.455%;\" data-animationtype=\"fadeInUp\" data-animationduration=\"0.3\" data-animationoffset=\"top-into-view\"><div class=\"fusion-column-wrapper fusion-column-has-shadow fusion-flex-justify-content-flex-start fusion-content-layout-column\"><div class=\"fusion-image-element\" style=\"text-align:center;--awb-margin-bottom:25px;--awb-max-width:55px;--awb-caption-title-font-family:var(--h2_typography-font-family);--awb-caption-title-font-weight:var(--h2_typography-font-weight);--awb-caption-title-font-style:var(--h2_typography-font-style);--awb-caption-title-size:var(--h2_typography-font-size);--awb-caption-title-transform:var(--h2_typography-text-transform);--awb-caption-title-line-height:var(--h2_typography-line-height);--awb-caption-title-letter-spacing:var(--h2_typography-letter-spacing);\"><span class=\"fusion-imageframe imageframe-none imageframe-1 hover-type-none\"><img decoding=\"async\" width=\"1068\" height=\"1000\" alt=\"Bienes ra\u00edces Isla Mujeres\" title=\"Bienes ra\u00edces Isla Mujeres\" src=\"https:\/\/mundaca.com.mx\/wp-content\/uploads\/2022\/10\/icon_Mundaca_NoCircle.png\" class=\"img-responsive wp-image-234\" srcset=\"https:\/\/mundaca.com.mx\/wp-content\/uploads\/2022\/10\/icon_Mundaca_NoCircle-200x187.png 200w, https:\/\/mundaca.com.mx\/wp-content\/uploads\/2022\/10\/icon_Mundaca_NoCircle-400x375.png 400w, https:\/\/mundaca.com.mx\/wp-content\/uploads\/2022\/10\/icon_Mundaca_NoCircle-600x562.png 600w, https:\/\/mundaca.com.mx\/wp-content\/uploads\/2022\/10\/icon_Mundaca_NoCircle-800x749.png 800w, https:\/\/mundaca.com.mx\/wp-content\/uploads\/2022\/10\/icon_Mundaca_NoCircle.png 1068w\" sizes=\"(max-width: 640px) 100vw, 1068px\" \/><\/span><\/div><div class=\"fusion-title title fusion-title-5 fusion-sep-none fusion-title-center fusion-title-text fusion-title-size-one\" style=\"--awb-text-color:var(--awb-color7);--awb-margin-bottom:40px;--awb-margin-top-small:0px;--awb-margin-right-small:0px;--awb-margin-bottom-small:25px;--awb-margin-left-small:0px;--awb-margin-bottom-medium:40px;--awb-font-size:65px;\"><h1 class=\"fusion-title-heading title-heading-center fusion-responsive-typography-calculated\" style=\"margin:0;text-transform:none;font-size:1em;--fontSize:65;line-height:1.05;\"><h3>Pol\u00edtica de privacidad<\/h3><\/h1><\/div><div class=\"fusion-text fusion-text-1\" style=\"--awb-content-alignment:left;\"><p><strong>Fecha de entrada en vigor:<\/strong> 17 de enero de 2026<\/p>\n<p>PROMOTORA MUNDACA S.A. de C.V. (\u201cMundaca Real Estate\u201d, \u201cnosotros\u201d, \u201cnuestro\u201d o \u201cnos\u201d) valora su privacidad. Esta Pol\u00edtica de Privacidad describe c\u00f3mo recopilamos, utilizamos y protegemos la informaci\u00f3n que usted nos proporciona cuando visita nuestro sitio web. <a href=\"https:\/\/mundaca.com.mx\/es\/\" target=\"_blank\" rel=\"noopener\">www.mundaca.com.mx<\/a> o interactuando con nosotros.<\/p>\n<h5>1. Informaci\u00f3n que recopilamos<\/h5>\n<p>Podemos recopilar la siguiente informaci\u00f3n a trav\u00e9s de los formularios de nuestro sitio web, las p\u00e1ginas de contacto u otras comunicaciones:<\/p>\n<ul>\n<li>Nombre completo<\/li>\n<li>Direcci\u00f3n de correo electr\u00f3nico<\/li>\n<li>N\u00famero de tel\u00e9fono<\/li>\n<\/ul>\n<p>Lo hacemos. <strong>no<\/strong> recopilar informaci\u00f3n de pago o datos confidenciales a trav\u00e9s de nuestro sitio web.<\/p>\n<h5>2. C\u00f3mo utilizamos su informaci\u00f3n<\/h5>\n<p>Utilizamos la informaci\u00f3n que nos proporciona para:<\/p>\n<ul>\n<li>Confirmar y recordarle sus citas.<\/li>\n<li>Hacemos un seguimiento despu\u00e9s de las consultas.<\/li>\n<li>Env\u00ede actualizaciones relevantes, informaci\u00f3n sobre propiedades o boletines informativos por SMS o correo electr\u00f3nico.<\/li>\n<\/ul>\n<p>Solo recibir\u00e1 mensajes SMS si ha dado su consentimiento expl\u00edcito a trav\u00e9s de nuestros formularios o comunicaciones antes de que le enviemos cualquier mensaje de texto.<\/p>\n<h5>3. Comunicaci\u00f3n por SMS (cumplimiento A2P)<\/h5>\n<p>Al enviar su n\u00famero de tel\u00e9fono a trav\u00e9s de nuestro sitio web o formularios, usted acepta recibir mensajes SMS de Mundaca Real Estate.<\/p>\n<ul>\n<li>La frecuencia de los mensajes puede variar en funci\u00f3n de sus interacciones.<\/li>\n<li>Pueden aplicarse tarifas por mensajes y datos.<\/li>\n<li>Texto <strong>ALTO<\/strong> en cualquier momento para cancelar la suscripci\u00f3n, o <strong>AYUDA<\/strong> Para m\u00e1s informaci\u00f3n<\/li>\n<\/ul>\n<p>Tu informaci\u00f3n m\u00f3vil, incluidos los datos de suscripci\u00f3n a SMS y los registros de consentimiento, nunca se compartir\u00e1 con terceros con fines de marketing o promocionales. Utilizamos proveedores de confianza, como Go High Level, para enviar mensajes de forma segura. Solo recibir\u00e1s mensajes SMS si te has suscrito expl\u00edcitamente.<\/p>\n<h5>4. Protecci\u00f3n de datos<\/h5>\n<p>Seguimos las pr\u00e1cticas est\u00e1ndar para proteger sus datos personales. Aunque ning\u00fan sistema es completamente inmune al riesgo, trabajamos para proteger su informaci\u00f3n lo mejor posible.<\/p>\n<h5>5. Herramientas de terceros<\/h5>\n<p>Podemos utilizar herramientas para mejorar su experiencia en nuestro sitio web, entre ellas:<\/p>\n<ul>\n<li>Go High Level (CRM, comunicaciones por SMS, formularios de citas)<\/li>\n<\/ul>\n<p>No utilizamos cookies con fines publicitarios ni de retargeting.<\/p>\n<h5>6. Sus derechos<\/h5>\n<p>Puede solicitar el acceso o la eliminaci\u00f3n de sus datos poni\u00e9ndose en contacto con nosotros en <a href=\"mailto:info@mundaca.com.mx\">info@mundaca.com.mx<\/a>.<\/p>\n<h5 data-start=\"910\" data-end=\"939\"><strong>7. Cookies y an\u00e1lisis del sitio web<\/strong><\/h5>\n<p data-start=\"941\" data-end=\"1101\">Nuestro sitio web puede utilizar cookies o tecnolog\u00edas similares para garantizar su correcto funcionamiento, mejorar la experiencia del usuario y comprender c\u00f3mo interact\u00faan los visitantes con nuestro sitio.<\/p>\n<p data-start=\"1103\" data-end=\"1239\">Las cookies pueden utilizarse para:<br \/>\n\u2022 Habilitar la funcionalidad b\u00e1sica del sitio web.<br data-start=\"1163\" data-end=\"1166\" \/>\u2022 Recordar las preferencias del usuario.<br data-start=\"1193\" data-end=\"1196\" \/>\u2022 Analizar el tr\u00e1fico y el rendimiento del sitio web.<\/p>\n<p data-start=\"1241\" data-end=\"1384\">No utilizamos cookies para recopilar informaci\u00f3n personal confidencial, y no vendemos ni compartimos datos de cookies con fines de mercadotecnia o publicidad.<\/p>\n<p data-start=\"1386\" data-end=\"1525\">Puede ajustar la configuraci\u00f3n de su navegador para rechazar o eliminar las cookies; sin embargo, es posible que algunas partes del sitio web no funcionen correctamente como resultado de ello.<\/p>\n<h5>Cont\u00e1ctenos<\/h5>\n<p>Si tiene alguna pregunta sobre esta Pol\u00edtica de privacidad, p\u00f3ngase en contacto con nosotros en:<\/p>\n<p><strong>Correo electr\u00f3nico:<\/strong> <a href=\"mailto:info@mundaca.com.mx\">info@mundaca.com.mx<\/a><\/p>\n<\/div><\/div><\/div><\/div><\/div><div class=\"fusion-fullwidth fullwidth-box fusion-builder-row-3 fusion-flex-container has-pattern-background has-mask-background nonhundred-percent-fullwidth non-hundred-percent-height-scrolling\" style=\"--link_hover_color: var(--awb-color8);--link_color: var(--awb-color1);--awb-border-radius-top-left:0px;--awb-border-radius-top-right:0px;--awb-border-radius-bottom-right:0px;--awb-border-radius-bottom-left:0px;--awb-padding-top:15px;--awb-padding-bottom:15px;--awb-background-color:var(--awb-custom10);--awb-flex-wrap:wrap;\" ><\/div>\n<div class=\"fusion-fullwidth fullwidth-box fusion-builder-row-4 fusion-flex-container has-pattern-background has-mask-background fusion-parallax-fixed nonhundred-percent-fullwidth non-hundred-percent-height-scrolling\" style=\"--awb-border-radius-top-left:0px;--awb-border-radius-top-right:0px;--awb-border-radius-bottom-right:0px;--awb-border-radius-bottom-left:0px;--awb-padding-top:200px;--awb-padding-bottom:200px;--awb-background-image:url(&quot;https:\/\/mundaca.com.mx\/wp-content\/uploads\/2022\/10\/slider_BeachBoat.jpg&quot;);--awb-background-size:cover;--awb-flex-wrap:wrap;background-attachment:fixed;\" ><\/div>\n<div class=\"fusion-fullwidth fullwidth-box fusion-builder-row-5 fusion-flex-container has-pattern-background has-mask-background fusion-parallax-fixed nonhundred-percent-fullwidth non-hundred-percent-height-scrolling\" style=\"--awb-border-radius-top-left:0px;--awb-border-radius-top-right:0px;--awb-border-radius-bottom-right:0px;--awb-border-radius-bottom-left:0px;--awb-padding-top:200px;--awb-padding-bottom:200px;--awb-background-image:url(&quot;https:\/\/mundaca.com.mx\/wp-content\/uploads\/2022\/10\/slider_Snorkle.jpg&quot;);--awb-background-size:cover;--awb-flex-wrap:wrap;background-attachment:fixed;\" ><div class=\"fusion-builder-row fusion-row fusion-flex-align-items-flex-start fusion-flex-content-wrap\" style=\"max-width:1236px;margin-left: calc(-3% \/ 2 );margin-right: calc(-3% \/ 2 );\"><div class=\"fusion-layout-column fusion_builder_column fusion-builder-column-5 fusion_builder_column_1_1 1_1 fusion-flex-column\" style=\"--awb-bg-size:cover;--awb-width-large:100%;--awb-margin-top-large:0px;--awb-spacing-right-large:1.455%;--awb-margin-bottom-large:0px;--awb-spacing-left-large:1.455%;--awb-width-medium:100%;--awb-order-medium:0;--awb-spacing-right-medium:1.455%;--awb-spacing-left-medium:1.455%;--awb-width-small:100%;--awb-order-small:0;--awb-spacing-right-small:1.455%;--awb-spacing-left-small:1.455%;\"><div class=\"fusion-column-wrapper fusion-column-has-shadow fusion-flex-justify-content-flex-start fusion-content-layout-column\"><div class=\"fusion-image-element\" style=\"text-align:center;--awb-max-width:325px;--awb-caption-title-font-family:var(--h2_typography-font-family);--awb-caption-title-font-weight:var(--h2_typography-font-weight);--awb-caption-title-font-style:var(--h2_typography-font-style);--awb-caption-title-size:var(--h2_typography-font-size);--awb-caption-title-transform:var(--h2_typography-text-transform);--awb-caption-title-line-height:var(--h2_typography-line-height);--awb-caption-title-letter-spacing:var(--h2_typography-letter-spacing);--awb-filter:opacity(75%);--awb-filter-transition:filter 0.3s ease;--awb-filter-hover:opacity(75%);\"><span class=\"fusion-imageframe imageframe-none imageframe-2 hover-type-none fusion-animated\" data-animationtype=\"fadeInUp\" data-animationduration=\"0.3\" data-animationoffset=\"top-into-view\"><img decoding=\"async\" width=\"478\" height=\"187\" alt=\"Bienes ra\u00edces Isla Mujeres\" title=\"Bienes ra\u00edces Isla Mujeres\" src=\"https:\/\/mundaca.com.mx\/wp-content\/uploads\/2022\/09\/logo_Mundaca_White_01.png\" class=\"img-responsive wp-image-55\" srcset=\"https:\/\/mundaca.com.mx\/wp-content\/uploads\/2022\/09\/logo_Mundaca_White_01-200x78.png 200w, https:\/\/mundaca.com.mx\/wp-content\/uploads\/2022\/09\/logo_Mundaca_White_01-400x156.png 400w, https:\/\/mundaca.com.mx\/wp-content\/uploads\/2022\/09\/logo_Mundaca_White_01.png 478w\" sizes=\"(max-width: 640px) 100vw, 478px\" \/><\/span><\/div><\/div><\/div><\/div><\/div>\n<\/p>","protected":false},"excerpt":{"rendered":"","protected":false},"author":5,"featured_media":0,"parent":0,"menu_order":2,"comment_status":"closed","ping_status":"closed","template":"100-width.php","meta":{"footnotes":""},"class_list":["post-12544","page","type-page","status-publish","hentry"],"jetpack_sharing_enabled":true,"_links":{"self":[{"href":"https:\/\/mundaca.com.mx\/es\/wp-json\/wp\/v2\/pages\/12544","targetHints":{"allow":["GET"]}}],"collection":[{"href":"https:\/\/mundaca.com.mx\/es\/wp-json\/wp\/v2\/pages"}],"about":[{"href":"https:\/\/mundaca.com.mx\/es\/wp-json\/wp\/v2\/types\/page"}],"author":[{"embeddable":true,"href":"https:\/\/mundaca.com.mx\/es\/wp-json\/wp\/v2\/users\/5"}],"replies":[{"embeddable":true,"href":"https:\/\/mundaca.com.mx\/es\/wp-json\/wp\/v2\/comments?post=12544"}],"version-history":[{"count":9,"href":"https:\/\/mundaca.com.mx\/es\/wp-json\/wp\/v2\/pages\/12544\/revisions"}],"predecessor-version":[{"id":12791,"href":"https:\/\/mundaca.com.mx\/es\/wp-json\/wp\/v2\/pages\/12544\/revisions\/12791"}],"wp:attachment":[{"href":"https:\/\/mundaca.com.mx\/es\/wp-json\/wp\/v2\/media?parent=12544"}],"curies":[{"name":"wp","href":"https:\/\/api.w.org\/{rel}","templated":true}]}}