{"id":12551,"date":"2026-01-17T14:31:11","date_gmt":"2026-01-17T20:31:11","guid":{"rendered":"https:\/\/mundaca.com.mx\/?page_id=12551"},"modified":"2026-01-30T17:10:51","modified_gmt":"2026-01-30T23:10:51","slug":"terminos-del-servicio","status":"publish","type":"page","link":"https:\/\/mundaca.com.mx\/es\/terms-of-service\/","title":{"rendered":"T\u00e9rminos del servicio"},"content":{"rendered":"<p><div class=\"fusion-fullwidth fullwidth-box fusion-builder-row-1 fusion-flex-container has-pattern-background has-mask-background nonhundred-percent-fullwidth non-hundred-percent-height-scrolling\" style=\"--link_hover_color: var(--awb-color8);--link_color: var(--awb-color1);--awb-border-radius-top-left:0px;--awb-border-radius-top-right:0px;--awb-border-radius-bottom-right:0px;--awb-border-radius-bottom-left:0px;--awb-padding-top:15px;--awb-padding-bottom:15px;--awb-background-color:var(--awb-custom10);--awb-flex-wrap:wrap;\" ><div class=\"fusion-builder-row fusion-row fusion-flex-align-items-flex-start fusion-flex-content-wrap\" style=\"max-width:1236px;margin-left: calc(-3% \/ 2 );margin-right: calc(-3% \/ 2 );\"><div class=\"fusion-layout-column fusion_builder_column fusion-builder-column-0 fusion_builder_column_1_4 1_4 fusion-flex-column fusion-animated\" style=\"--awb-bg-size:cover;--awb-width-large:25%;--awb-margin-top-large:0px;--awb-spacing-right-large:5.82%;--awb-margin-bottom-large:0px;--awb-spacing-left-large:5.82%;--awb-width-medium:25%;--awb-order-medium:0;--awb-spacing-right-medium:5.82%;--awb-spacing-left-medium:5.82%;--awb-width-small:100%;--awb-order-small:0;--awb-spacing-right-small:1.455%;--awb-spacing-left-small:1.455%;\" data-animationtype=\"fadeInUp\" data-animationduration=\"0.3\" data-animationoffset=\"top-into-view\"><div class=\"fusion-column-wrapper fusion-column-has-shadow fusion-flex-justify-content-flex-start fusion-content-layout-column\"><div class=\"fusion-title title fusion-title-1 fusion-sep-none fusion-title-text fusion-title-size-three\" style=\"--awb-text-color:var(--awb-color1);--awb-margin-bottom:0px;--awb-margin-top-small:0px;--awb-margin-right-small:0px;--awb-margin-bottom-small:3px;--awb-margin-left-small:0px;--awb-margin-bottom-medium:0px;--awb-font-size:14px;\"><h3 class=\"fusion-title-heading title-heading-left sm-text-align-center fusion-responsive-typography-calculated\" style=\"margin:0;text-transform:none;font-size:1em;--fontSize:14;--minFontSize:14;line-height:1;\"><a style=\"color: #ffffff;\" href=\"tel:8662300974\"><i class=\"fas fa-mobile-alt\"><\/i> <strong>+1 866 230 0974<\/strong><\/a> llamada Gratuita<\/h3><\/div><\/div><\/div><div class=\"fusion-layout-column fusion_builder_column fusion-builder-column-1 fusion_builder_column_1_4 1_4 fusion-flex-column fusion-animated\" style=\"--awb-bg-size:cover;--awb-width-large:25%;--awb-margin-top-large:0px;--awb-spacing-right-large:5.82%;--awb-margin-bottom-large:0px;--awb-spacing-left-large:5.82%;--awb-width-medium:25%;--awb-order-medium:0;--awb-spacing-right-medium:5.82%;--awb-spacing-left-medium:5.82%;--awb-width-small:100%;--awb-order-small:0;--awb-spacing-right-small:1.455%;--awb-spacing-left-small:1.455%;\" data-animationtype=\"fadeInUp\" data-animationduration=\"0.3\" data-animationoffset=\"top-into-view\"><div class=\"fusion-column-wrapper fusion-column-has-shadow fusion-flex-justify-content-flex-start fusion-content-layout-column\"><div class=\"fusion-title title fusion-title-2 fusion-sep-none fusion-title-center fusion-title-text fusion-title-size-three\" style=\"--awb-text-color:var(--awb-color1);--awb-margin-bottom:0px;--awb-margin-top-small:0px;--awb-margin-right-small:0px;--awb-margin-bottom-small:3px;--awb-margin-left-small:0px;--awb-margin-bottom-medium:0px;--awb-font-size:14px;\"><h3 class=\"fusion-title-heading title-heading-center fusion-responsive-typography-calculated\" style=\"margin:0;text-transform:none;font-size:1em;--fontSize:14;--minFontSize:14;line-height:1;\"><a style=\"color: #ffffff;\" href=\"tel:+529988770025\"><i class=\"fas fa-mobile-alt\"><\/i> <strong>+52 998 877 0025<\/strong><\/a> En M\u00e9xico<\/h3><\/div><\/div><\/div><div class=\"fusion-layout-column fusion_builder_column fusion-builder-column-2 fusion_builder_column_1_4 1_4 fusion-flex-column fusion-animated\" style=\"--awb-bg-size:cover;--awb-width-large:25%;--awb-margin-top-large:0px;--awb-spacing-right-large:5.82%;--awb-margin-bottom-large:0px;--awb-spacing-left-large:5.82%;--awb-width-medium:25%;--awb-order-medium:0;--awb-spacing-right-medium:5.82%;--awb-spacing-left-medium:5.82%;--awb-width-small:100%;--awb-order-small:0;--awb-spacing-right-small:1.455%;--awb-spacing-left-small:1.455%;\" data-animationtype=\"fadeInUp\" data-animationduration=\"0.3\" data-animationoffset=\"top-into-view\"><div class=\"fusion-column-wrapper fusion-column-has-shadow fusion-flex-justify-content-flex-start fusion-content-layout-column\"><div class=\"fusion-title title fusion-title-3 fusion-sep-none fusion-title-text fusion-title-size-three\" style=\"--awb-text-color:var(--awb-color1);--awb-margin-bottom:0px;--awb-margin-top-small:0px;--awb-margin-right-small:0px;--awb-margin-bottom-small:3px;--awb-margin-left-small:0px;--awb-margin-bottom-medium:0px;--awb-font-size:14px;\"><h3 class=\"fusion-title-heading title-heading-right sm-text-align-center fusion-responsive-typography-calculated\" style=\"margin:0;text-transform:none;font-size:1em;--fontSize:14;--minFontSize:14;line-height:1;\"><a style=\"color: #ffffff;\" href=\"mailto:sales@mundaca.com.mx\"><i class=\"fas fa-envelope\"><\/i> <strong>sales@mundaca.com.mx<\/strong><\/a><\/h3><\/div><\/div><\/div><div class=\"fusion-layout-column fusion_builder_column fusion-builder-column-3 fusion_builder_column_1_4 1_4 fusion-flex-column fusion-animated\" style=\"--awb-bg-size:cover;--awb-width-large:25%;--awb-margin-top-large:0px;--awb-spacing-right-large:5.82%;--awb-margin-bottom-large:0px;--awb-spacing-left-large:5.82%;--awb-width-medium:25%;--awb-order-medium:0;--awb-spacing-right-medium:5.82%;--awb-spacing-left-medium:5.82%;--awb-width-small:100%;--awb-order-small:0;--awb-spacing-right-small:1.455%;--awb-spacing-left-small:1.455%;\" data-animationtype=\"fadeInUp\" data-animationduration=\"0.3\" data-animationoffset=\"top-into-view\"><div class=\"fusion-column-wrapper fusion-column-has-shadow fusion-flex-justify-content-flex-start fusion-content-layout-column\"><div class=\"fusion-title title fusion-title-4 fusion-sep-none fusion-title-text fusion-title-size-three\" style=\"--awb-text-color:var(--awb-color1);--awb-margin-bottom:0px;--awb-margin-top-small:0px;--awb-margin-right-small:0px;--awb-margin-bottom-small:3px;--awb-margin-left-small:0px;--awb-margin-bottom-medium:0px;--awb-font-size:14px;\"><h3 class=\"fusion-title-heading title-heading-right sm-text-align-center fusion-responsive-typography-calculated\" style=\"margin:0;text-transform:none;font-size:1em;--fontSize:14;--minFontSize:14;line-height:1;\"><a style=\"color: #ffffff;\" href=\"mailto:rentals@mundaca.com.mx\"><i class=\"fas fa-envelope\"><\/i> <strong>rentals@mundaca.com.mx<\/strong><\/a><\/h3><\/div><\/div><\/div><\/div><\/div>\n<div class=\"fusion-fullwidth fullwidth-box fusion-builder-row-2 fusion-flex-container has-pattern-background has-mask-background nonhundred-percent-fullwidth non-hundred-percent-height-scrolling\" style=\"--awb-border-radius-top-left:0px;--awb-border-radius-top-right:0px;--awb-border-radius-bottom-right:0px;--awb-border-radius-bottom-left:0px;--awb-padding-top:75px;--awb-padding-bottom:75px;--awb-background-color:var(--awb-color1);--awb-background-image:linear-gradient(180deg, var(--awb-color1) 0%,var(--awb-color1) 100%);--awb-flex-wrap:wrap;\" ><div class=\"fusion-builder-row fusion-row fusion-flex-align-items-flex-start fusion-flex-content-wrap\" style=\"max-width:1236px;margin-left: calc(-3% \/ 2 );margin-right: calc(-3% \/ 2 );\"><div class=\"fusion-layout-column fusion_builder_column fusion-builder-column-4 fusion_builder_column_1_1 1_1 fusion-flex-column fusion-animated\" style=\"--awb-bg-size:cover;--awb-width-large:100%;--awb-margin-top-large:0px;--awb-spacing-right-large:1.455%;--awb-margin-bottom-large:0px;--awb-spacing-left-large:1.455%;--awb-width-medium:100%;--awb-order-medium:0;--awb-spacing-right-medium:1.455%;--awb-spacing-left-medium:1.455%;--awb-width-small:100%;--awb-order-small:0;--awb-spacing-right-small:1.455%;--awb-spacing-left-small:1.455%;\" data-animationtype=\"fadeInUp\" data-animationduration=\"0.3\" data-animationoffset=\"top-into-view\"><div class=\"fusion-column-wrapper fusion-column-has-shadow fusion-flex-justify-content-flex-start fusion-content-layout-column\"><div class=\"fusion-image-element\" style=\"text-align:center;--awb-margin-bottom:25px;--awb-max-width:55px;--awb-caption-title-font-family:var(--h2_typography-font-family);--awb-caption-title-font-weight:var(--h2_typography-font-weight);--awb-caption-title-font-style:var(--h2_typography-font-style);--awb-caption-title-size:var(--h2_typography-font-size);--awb-caption-title-transform:var(--h2_typography-text-transform);--awb-caption-title-line-height:var(--h2_typography-line-height);--awb-caption-title-letter-spacing:var(--h2_typography-letter-spacing);\"><span class=\"fusion-imageframe imageframe-none imageframe-1 hover-type-none\"><img decoding=\"async\" width=\"1068\" height=\"1000\" alt=\"Bienes ra\u00edces Isla Mujeres\" title=\"Bienes ra\u00edces Isla Mujeres\" src=\"https:\/\/mundaca.com.mx\/wp-content\/uploads\/2022\/10\/icon_Mundaca_NoCircle.png\" class=\"img-responsive wp-image-234\" srcset=\"https:\/\/mundaca.com.mx\/wp-content\/uploads\/2022\/10\/icon_Mundaca_NoCircle-200x187.png 200w, https:\/\/mundaca.com.mx\/wp-content\/uploads\/2022\/10\/icon_Mundaca_NoCircle-400x375.png 400w, https:\/\/mundaca.com.mx\/wp-content\/uploads\/2022\/10\/icon_Mundaca_NoCircle-600x562.png 600w, https:\/\/mundaca.com.mx\/wp-content\/uploads\/2022\/10\/icon_Mundaca_NoCircle-800x749.png 800w, https:\/\/mundaca.com.mx\/wp-content\/uploads\/2022\/10\/icon_Mundaca_NoCircle.png 1068w\" sizes=\"(max-width: 640px) 100vw, 1068px\" \/><\/span><\/div><div class=\"fusion-title title fusion-title-5 fusion-sep-none fusion-title-center fusion-title-text fusion-title-size-one\" style=\"--awb-text-color:var(--awb-color7);--awb-margin-bottom:40px;--awb-margin-top-small:0px;--awb-margin-right-small:0px;--awb-margin-bottom-small:25px;--awb-margin-left-small:0px;--awb-margin-bottom-medium:40px;--awb-font-size:65px;\"><h1 class=\"fusion-title-heading title-heading-center fusion-responsive-typography-calculated\" style=\"margin:0;text-transform:none;font-size:1em;--fontSize:65;line-height:1.05;\"><h3>T\u00e9rminos del servicio<\/h3><\/h1><\/div><div class=\"fusion-text fusion-text-1\" style=\"--awb-content-alignment:left;\"><h1>T\u00e9rminos del servicio<\/h1>\n<p><strong>Fecha de entrada en vigor:<\/strong> 17 de enero de 2026<\/p>\n<p>Bienvenido a <a href=\"https:\/\/mundaca.com.mx\/es\/\" target=\"_blank\" rel=\"noopener\">www.mundaca.com.mx<\/a>, operado por PROMOTORA MUNDACA S.A. de C.V. (\u201cMundaca Real Estate\u201d, \u201cnosotros\u201d, \u201cnuestro\u201d o \u201cnos\u201d). Al utilizar este sitio web, usted acepta los t\u00e9rminos que se indican a continuaci\u00f3n.<\/p>\n<h5>1. Uso de este sitio web<\/h5>\n<p>Usted acepta utilizar este sitio web \u00fanicamente con fines legales y de forma que no infrinja los derechos ni restrinja el uso del sitio por parte de otros.<\/p>\n<h5>2. Comunicaci\u00f3n y consentimiento por SMS<\/h5>\n<p><strong data-start=\"4100\" data-end=\"4134\">2. Comunicaci\u00f3n y consentimiento por SMS<\/strong><br data-start=\"4134\" data-end=\"4137\" \/>Al proporcionar su n\u00famero de tel\u00e9fono a trav\u00e9s de un formulario en nuestro sitio web, usted acepta expresamente recibir mensajes SMS de Promotora Mundaca (Mundaca Real Estate) para los fines descritos anteriormente. La frecuencia de los mensajes puede variar. Pueden aplicarse tarifas por mensajes y datos. Puede darse de baja en cualquier momento respondiendo STOP a cualquier mensaje de texto, o enviando un mensaje de texto con la palabra HELP para obtener m\u00e1s informaci\u00f3n. No nos hacemos responsables de los fallos en la entrega, los retrasos o los errores causados por los operadores o las plataformas de SMS. El hecho de que siga recibiendo SMS despu\u00e9s de cualquier actualizaci\u00f3n de estas Condiciones constituye un consentimiento continuo, a menos que se d\u00e9 de baja.<\/p>\n<p>Al enviar su n\u00famero de tel\u00e9fono a trav\u00e9s de un formulario en nuestro sitio web, usted acepta recibir mensajes SMS de Promotora Mundaca (Mundaca Real Estate) relacionados con:<\/p>\n<ul>\n<li>Confirmaciones o recordatorios de citas<\/li>\n<li>Seguimiento de su consulta<\/li>\n<li>Boletines informativos o actualizaciones generales<\/li>\n<\/ul>\n<h5>3. Propiedad intelectual<\/h5>\n<p>Todo el contenido de este sitio web (texto, im\u00e1genes, marcas, etc.) es propiedad de PROMOTORA MUNDACA S.A. de C.V., salvo que se indique lo contrario. No puede utilizarse ni reproducirse sin permiso.<\/p>\n<h5>4. Limitaci\u00f3n de responsabilidad<\/h5>\n<p>No nos hacemos responsables de los retrasos en los mensajes, los errores de transmisi\u00f3n o los fallos en la entrega de SMS causados por los operadores o proveedores de servicios.<\/p>\n<h5>5. Modificaciones de estos T\u00e9rminos<\/h5>\n<p>Podemos actualizar estos t\u00e9rminos en cualquier momento. Los cambios se publicar\u00e1n en esta p\u00e1gina con una fecha de entrada en vigor actualizada.<\/p>\n<h5>Cont\u00e1ctenos<\/h5>\n<p>Si tiene alguna pregunta sobre estos T\u00e9rminos de servicio, p\u00f3ngase en contacto con nosotros en:<\/p>\n<p><strong>Correo electr\u00f3nico:<\/strong> <a href=\"mailto:info@mundaca.com.mx\">info@mundaca.com.mx<\/a><\/p>\n<\/div><\/div><\/div><\/div><\/div><div class=\"fusion-fullwidth fullwidth-box fusion-builder-row-3 fusion-flex-container has-pattern-background has-mask-background fusion-parallax-fixed nonhundred-percent-fullwidth non-hundred-percent-height-scrolling\" style=\"--awb-border-radius-top-left:0px;--awb-border-radius-top-right:0px;--awb-border-radius-bottom-right:0px;--awb-border-radius-bottom-left:0px;--awb-padding-top:200px;--awb-padding-bottom:200px;--awb-background-image:url(&quot;https:\/\/mundaca.com.mx\/wp-content\/uploads\/2022\/10\/slider_BeachBoat.jpg&quot;);--awb-background-size:cover;--awb-flex-wrap:wrap;background-attachment:fixed;\" ><\/div>\n<div class=\"fusion-fullwidth fullwidth-box fusion-builder-row-4 fusion-flex-container has-pattern-background has-mask-background fusion-parallax-fixed nonhundred-percent-fullwidth non-hundred-percent-height-scrolling\" style=\"--awb-border-radius-top-left:0px;--awb-border-radius-top-right:0px;--awb-border-radius-bottom-right:0px;--awb-border-radius-bottom-left:0px;--awb-padding-top:200px;--awb-padding-bottom:200px;--awb-background-image:url(&quot;https:\/\/mundaca.com.mx\/wp-content\/uploads\/2022\/10\/slider_Snorkle.jpg&quot;);--awb-background-size:cover;--awb-flex-wrap:wrap;background-attachment:fixed;\" ><div class=\"fusion-builder-row fusion-row fusion-flex-align-items-flex-start fusion-flex-content-wrap\" style=\"max-width:1236px;margin-left: calc(-3% \/ 2 );margin-right: calc(-3% \/ 2 );\"><div class=\"fusion-layout-column fusion_builder_column fusion-builder-column-5 fusion_builder_column_1_1 1_1 fusion-flex-column\" style=\"--awb-bg-size:cover;--awb-width-large:100%;--awb-margin-top-large:0px;--awb-spacing-right-large:1.455%;--awb-margin-bottom-large:0px;--awb-spacing-left-large:1.455%;--awb-width-medium:100%;--awb-order-medium:0;--awb-spacing-right-medium:1.455%;--awb-spacing-left-medium:1.455%;--awb-width-small:100%;--awb-order-small:0;--awb-spacing-right-small:1.455%;--awb-spacing-left-small:1.455%;\"><div class=\"fusion-column-wrapper fusion-column-has-shadow fusion-flex-justify-content-flex-start fusion-content-layout-column\"><div class=\"fusion-image-element\" style=\"text-align:center;--awb-max-width:325px;--awb-caption-title-font-family:var(--h2_typography-font-family);--awb-caption-title-font-weight:var(--h2_typography-font-weight);--awb-caption-title-font-style:var(--h2_typography-font-style);--awb-caption-title-size:var(--h2_typography-font-size);--awb-caption-title-transform:var(--h2_typography-text-transform);--awb-caption-title-line-height:var(--h2_typography-line-height);--awb-caption-title-letter-spacing:var(--h2_typography-letter-spacing);--awb-filter:opacity(75%);--awb-filter-transition:filter 0.3s ease;--awb-filter-hover:opacity(75%);\"><span class=\"fusion-imageframe imageframe-none imageframe-2 hover-type-none fusion-animated\" data-animationtype=\"fadeInUp\" data-animationduration=\"0.3\" data-animationoffset=\"top-into-view\"><img decoding=\"async\" width=\"478\" height=\"187\" alt=\"Bienes ra\u00edces Isla Mujeres\" title=\"Bienes ra\u00edces Isla Mujeres\" src=\"https:\/\/mundaca.com.mx\/wp-content\/uploads\/2022\/09\/logo_Mundaca_White_01.png\" class=\"img-responsive wp-image-55\" srcset=\"https:\/\/mundaca.com.mx\/wp-content\/uploads\/2022\/09\/logo_Mundaca_White_01-200x78.png 200w, https:\/\/mundaca.com.mx\/wp-content\/uploads\/2022\/09\/logo_Mundaca_White_01-400x156.png 400w, https:\/\/mundaca.com.mx\/wp-content\/uploads\/2022\/09\/logo_Mundaca_White_01.png 478w\" sizes=\"(max-width: 640px) 100vw, 478px\" \/><\/span><\/div><\/div><\/div><\/div><\/div>\n<\/p>","protected":false},"excerpt":{"rendered":"","protected":false},"author":5,"featured_media":0,"parent":0,"menu_order":2,"comment_status":"closed","ping_status":"closed","template":"100-width.php","meta":{"footnotes":""},"class_list":["post-12551","page","type-page","status-publish","hentry"],"jetpack_sharing_enabled":true,"_links":{"self":[{"href":"https:\/\/mundaca.com.mx\/es\/wp-json\/wp\/v2\/pages\/12551","targetHints":{"allow":["GET"]}}],"collection":[{"href":"https:\/\/mundaca.com.mx\/es\/wp-json\/wp\/v2\/pages"}],"about":[{"href":"https:\/\/mundaca.com.mx\/es\/wp-json\/wp\/v2\/types\/page"}],"author":[{"embeddable":true,"href":"https:\/\/mundaca.com.mx\/es\/wp-json\/wp\/v2\/users\/5"}],"replies":[{"embeddable":true,"href":"https:\/\/mundaca.com.mx\/es\/wp-json\/wp\/v2\/comments?post=12551"}],"version-history":[{"count":6,"href":"https:\/\/mundaca.com.mx\/es\/wp-json\/wp\/v2\/pages\/12551\/revisions"}],"predecessor-version":[{"id":12795,"href":"https:\/\/mundaca.com.mx\/es\/wp-json\/wp\/v2\/pages\/12551\/revisions\/12795"}],"wp:attachment":[{"href":"https:\/\/mundaca.com.mx\/es\/wp-json\/wp\/v2\/media?parent=12551"}],"curies":[{"name":"wp","href":"https:\/\/api.w.org\/{rel}","templated":true}]}}